{"id":1986,"date":"2022-03-21T20:11:58","date_gmt":"2022-03-22T02:11:58","guid":{"rendered":"https:\/\/liceosanluis.edu.sv\/home\/?page_id=1986"},"modified":"2022-09-14T14:12:20","modified_gmt":"2022-09-14T20:12:20","slug":"escuela-de-padres","status":"publish","type":"page","link":"https:\/\/liceosanluis.edu.sv\/home\/pastoral\/escuela-de-padres\/","title":{"rendered":"Escuela de padres"},"content":{"rendered":"\t\t<div data-elementor-type=\"wp-page\" data-elementor-id=\"1986\" class=\"elementor elementor-1986\" data-elementor-post-type=\"page\">\n\t\t\t\t\t\t<section class=\"elementor-section elementor-top-section elementor-element elementor-element-de6e01b elementor-section-full_width elementor-section-height-default elementor-section-height-default\" data-id=\"de6e01b\" data-element_type=\"section\" data-e-type=\"section\" data-settings=\"{&quot;background_background&quot;:&quot;classic&quot;}\">\n\t\t\t\t\t\t<div class=\"elementor-container elementor-column-gap-no\">\n\t\t\t\t\t<div class=\"elementor-column elementor-col-100 elementor-top-column elementor-element elementor-element-20aecf7\" data-id=\"20aecf7\" data-element_type=\"column\" data-e-type=\"column\">\n\t\t\t<div class=\"elementor-widget-wrap elementor-element-populated\">\n\t\t\t\t\t\t<section class=\"elementor-section elementor-inner-section elementor-element elementor-element-04b85df elementor-section-boxed elementor-section-height-default elementor-section-height-default elementor-invisible\" data-id=\"04b85df\" data-element_type=\"section\" data-e-type=\"section\" data-settings=\"{&quot;motion_fx_motion_fx_scrolling&quot;:&quot;yes&quot;,&quot;animation&quot;:&quot;slideInRight&quot;,&quot;motion_fx_devices&quot;:[&quot;desktop&quot;,&quot;tablet&quot;,&quot;mobile&quot;]}\">\n\t\t\t\t\t\t<div class=\"elementor-container elementor-column-gap-default\">\n\t\t\t\t\t<div class=\"elementor-column elementor-col-100 elementor-inner-column elementor-element elementor-element-a432ff0\" data-id=\"a432ff0\" data-element_type=\"column\" data-e-type=\"column\">\n\t\t\t<div class=\"elementor-widget-wrap elementor-element-populated\">\n\t\t\t\t\t\t<div class=\"elementor-element elementor-element-e922189 elementor-widget__width-initial elementor-widget-mobile__width-initial elementor-widget elementor-widget-image\" data-id=\"e922189\" data-element_type=\"widget\" data-e-type=\"widget\" data-widget_type=\"image.default\">\n\t\t\t\t<div class=\"elementor-widget-container\">\n\t\t\t\t\t\t\t\t\t\t\t\t\t\t\t<img decoding=\"async\" width=\"13\" height=\"40\" src=\"https:\/\/liceosanluis.edu.sv\/home\/wp-content\/uploads\/2021\/08\/section.png\" class=\"attachment-full size-full wp-image-86\" alt=\"\" \/>\t\t\t\t\t\t\t\t\t\t\t\t\t\t\t<\/div>\n\t\t\t\t<\/div>\n\t\t\t\t<div class=\"elementor-element elementor-element-b0ad1ff elementor-widget__width-auto elementor-widget elementor-widget-heading\" data-id=\"b0ad1ff\" data-element_type=\"widget\" data-e-type=\"widget\" data-widget_type=\"heading.default\">\n\t\t\t\t<div class=\"elementor-widget-container\">\n\t\t\t\t\t<h2 class=\"elementor-heading-title elementor-size-default\">ESCUELA DE PADRES<\/h2>\t\t\t\t<\/div>\n\t\t\t\t<\/div>\n\t\t\t\t\t<\/div>\n\t\t<\/div>\n\t\t\t\t\t<\/div>\n\t\t<\/section>\n\t\t\t\t\t<\/div>\n\t\t<\/div>\n\t\t\t\t\t<\/div>\n\t\t<\/section>\n\t\t\t\t<section class=\"elementor-section elementor-top-section elementor-element elementor-element-19c942e elementor-section-full_width elementor-section-height-default elementor-section-height-default\" data-id=\"19c942e\" data-element_type=\"section\" data-e-type=\"section\">\n\t\t\t\t\t\t<div class=\"elementor-container elementor-column-gap-no\">\n\t\t\t\t\t<div class=\"elementor-column elementor-col-100 elementor-top-column elementor-element elementor-element-5158cb7\" data-id=\"5158cb7\" data-element_type=\"column\" data-e-type=\"column\">\n\t\t\t<div class=\"elementor-widget-wrap elementor-element-populated\">\n\t\t\t\t\t\t<div class=\"elementor-element elementor-element-8bc2258 elementor-widget elementor-widget-image\" data-id=\"8bc2258\" data-element_type=\"widget\" data-e-type=\"widget\" data-widget_type=\"image.default\">\n\t\t\t\t<div class=\"elementor-widget-container\">\n\t\t\t\t\t\t\t\t\t\t\t\t\t\t\t<img fetchpriority=\"high\" decoding=\"async\" width=\"1985\" height=\"781\" src=\"https:\/\/liceosanluis.edu.sv\/home\/wp-content\/uploads\/2022\/07\/img-fundador-1.jpg\" class=\"attachment-full size-full wp-image-2430\" alt=\"\" srcset=\"https:\/\/liceosanluis.edu.sv\/home\/wp-content\/uploads\/2022\/07\/img-fundador-1.jpg 1985w, https:\/\/liceosanluis.edu.sv\/home\/wp-content\/uploads\/2022\/07\/img-fundador-1-300x118.jpg 300w, https:\/\/liceosanluis.edu.sv\/home\/wp-content\/uploads\/2022\/07\/img-fundador-1-1024x403.jpg 1024w, https:\/\/liceosanluis.edu.sv\/home\/wp-content\/uploads\/2022\/07\/img-fundador-1-768x302.jpg 768w, https:\/\/liceosanluis.edu.sv\/home\/wp-content\/uploads\/2022\/07\/img-fundador-1-1536x604.jpg 1536w\" sizes=\"(max-width: 1985px) 100vw, 1985px\" \/>\t\t\t\t\t\t\t\t\t\t\t\t\t\t\t<\/div>\n\t\t\t\t<\/div>\n\t\t\t\t\t<\/div>\n\t\t<\/div>\n\t\t\t\t\t<\/div>\n\t\t<\/section>\n\t\t\t\t<section class=\"elementor-section elementor-top-section elementor-element elementor-element-2c0141d elementor-section-boxed elementor-section-height-default elementor-section-height-default\" data-id=\"2c0141d\" data-element_type=\"section\" data-e-type=\"section\">\n\t\t\t\t\t\t<div class=\"elementor-container elementor-column-gap-default\">\n\t\t\t\t\t<div class=\"elementor-column elementor-col-100 elementor-top-column elementor-element elementor-element-d6b50f8\" data-id=\"d6b50f8\" data-element_type=\"column\" data-e-type=\"column\">\n\t\t\t<div class=\"elementor-widget-wrap elementor-element-populated\">\n\t\t\t\t\t\t<div class=\"elementor-element elementor-element-848084f elementor-widget elementor-widget-text-editor\" data-id=\"848084f\" data-element_type=\"widget\" data-e-type=\"widget\" data-widget_type=\"text-editor.default\">\n\t\t\t\t<div class=\"elementor-widget-container\">\n\t\t\t\t\t\t\t\t\t<h1><strong>ESCUELA DE PADRES<\/strong><\/h1><h2><strong>\u00bfC\u00f3mo se inicia?<\/strong><\/h2><p>La Escuela de Padres surge como una respuesta efectiva a la necesidad de una formaci\u00f3n permanente y actualizada. La complejidad del mundo actual exige mayor preparaci\u00f3n para desempe\u00f1ar con capacidad y responsabilidad la tarea de Padres de Familia.<\/p><p>Una experiencia que ha dado excelente frutos de integraci\u00f3n familiar y de vivencia cristiana. Un proceso de formaci\u00f3n que ha llevado numerosos padres a identificarse y comprometerse m\u00e1s profundamente con su misi\u00f3n de educadores primarios de sus hijos. Un trabajo que ha transformado muchos hogares en autenticas comunidades de vida, de amor y de fe.<\/p><h3><strong>Descripci\u00f3n de una Escuela de Padres<\/strong><\/h3><h4><strong>Una Escuela de Padres es:<\/strong><\/h4><p>1.<strong>\u00a0Un grupo de aprendizaje de no m\u00e1s de 20 personas<\/strong>, con los condicionamientos y ventajas de la persona en grupo, en donde nadie se siente perdido e ignorado.<\/p><p>2.<strong>\u00a0Un grupo heterog\u00e9neo,<\/strong>\u00a0en el que haya diversas visiones de los problemas.<\/p><p>3.<strong>\u00a0Un grupo libre, democr\u00e1tico,<\/strong>\u00a0informal, sin condicionamientos desde fuera del grupo y que refleja la realidad.<\/p><p>4.\u00a0<strong>Un grupo de b\u00fasqueda comunitaria de la soluci\u00f3n de problem<\/strong>as que se presentan en la familia y que aspira a realizarse mejor, como personas, como esposo y como padres.<\/p>\t\t\t\t\t\t\t\t<\/div>\n\t\t\t\t<\/div>\n\t\t\t\t\t<\/div>\n\t\t<\/div>\n\t\t\t\t\t<\/div>\n\t\t<\/section>\n\t\t\t\t<\/div>\n\t\t","protected":false},"excerpt":{"rendered":"<p>ESCUELA DE PADRES ESCUELA DE PADRES \u00bfC\u00f3mo se inicia? La Escuela de Padres surge como una respuesta efectiva a la necesidad de una formaci\u00f3n permanente y actualizada. La complejidad del mundo actual exige mayor preparaci\u00f3n para desempe\u00f1ar con capacidad y responsabilidad la tarea de Padres de Familia. Una experiencia que ha dado excelente frutos de [&hellip;]<\/p>\n","protected":false},"author":4,"featured_media":0,"parent":1984,"menu_order":4,"comment_status":"closed","ping_status":"closed","template":"","meta":{"_monsterinsights_skip_tracking":false,"_monsterinsights_sitenote_active":false,"_monsterinsights_sitenote_note":"","_monsterinsights_sitenote_category":0,"footnotes":""},"class_list":["post-1986","page","type-page","status-publish","hentry"],"_links":{"self":[{"href":"https:\/\/liceosanluis.edu.sv\/home\/wp-json\/wp\/v2\/pages\/1986","targetHints":{"allow":["GET"]}}],"collection":[{"href":"https:\/\/liceosanluis.edu.sv\/home\/wp-json\/wp\/v2\/pages"}],"about":[{"href":"https:\/\/liceosanluis.edu.sv\/home\/wp-json\/wp\/v2\/types\/page"}],"author":[{"embeddable":true,"href":"https:\/\/liceosanluis.edu.sv\/home\/wp-json\/wp\/v2\/users\/4"}],"replies":[{"embeddable":true,"href":"https:\/\/liceosanluis.edu.sv\/home\/wp-json\/wp\/v2\/comments?post=1986"}],"version-history":[{"count":17,"href":"https:\/\/liceosanluis.edu.sv\/home\/wp-json\/wp\/v2\/pages\/1986\/revisions"}],"predecessor-version":[{"id":3696,"href":"https:\/\/liceosanluis.edu.sv\/home\/wp-json\/wp\/v2\/pages\/1986\/revisions\/3696"}],"up":[{"embeddable":true,"href":"https:\/\/liceosanluis.edu.sv\/home\/wp-json\/wp\/v2\/pages\/1984"}],"wp:attachment":[{"href":"https:\/\/liceosanluis.edu.sv\/home\/wp-json\/wp\/v2\/media?parent=1986"}],"curies":[{"name":"wp","href":"https:\/\/api.w.org\/{rel}","templated":true}]}}